{"id":5327,"date":"2021-01-05T11:08:45","date_gmt":"2021-01-05T17:08:45","guid":{"rendered":"https:\/\/mckaylawtx.com\/?page_id=5327"},"modified":"2024-03-19T13:36:54","modified_gmt":"2024-03-19T18:36:54","slug":"accesibilidad-ada-cumplimiento","status":"publish","type":"page","link":"https:\/\/mckaylawtx.com\/es\/accesibilidad-ada-cumplimiento\/","title":{"rendered":"Accesibilidad Cumplimiento de ADA"},"content":{"rendered":"\t\t<div data-elementor-type=\"wp-page\" data-elementor-id=\"5327\" class=\"elementor elementor-5327 elementor-5326\" data-elementor-post-type=\"page\">\n\t\t\t\t\t\t<section class=\"elementor-section elementor-top-section elementor-element elementor-element-c848f5f elementor-section-boxed elementor-section-height-default elementor-section-height-default\" data-id=\"c848f5f\" data-element_type=\"section\" data-e-type=\"section\">\n\t\t\t\t\t\t<div class=\"elementor-container elementor-column-gap-default\">\n\t\t\t\t\t<div class=\"elementor-column elementor-col-100 elementor-top-column elementor-element elementor-element-382c2f0\" data-id=\"382c2f0\" data-element_type=\"column\" data-e-type=\"column\">\n\t\t\t<div class=\"elementor-widget-wrap elementor-element-populated\">\n\t\t\t\t\t\t<div class=\"elementor-element elementor-element-1c6f95d elementor-widget elementor-widget-heading\" data-id=\"1c6f95d\" data-element_type=\"widget\" data-e-type=\"widget\" data-widget_type=\"heading.default\">\n\t\t\t\t\t\t<div class=\"elementor-widget-container\">\n\t\t\t\t\t<h1 class=\"elementor-heading-title elementor-size-default\">Accesibilidad - Cumplimiento de ADA<\/h1>\t\t\t\t<\/div>\n\t\t\t\t<\/div>\n\t\t\t\t<div class=\"elementor-element elementor-element-ddbd37f elementor-widget elementor-widget-text-editor\" data-id=\"ddbd37f\" data-element_type=\"widget\" data-e-type=\"widget\" data-widget_type=\"text-editor.default\">\n\t\t\t\t\t\t<div class=\"elementor-widget-container\">\n\t\t\t\t\t\t\t\t\t<p>McKay Law se esfuerza por hacer que su sitio web sea accesible para todos los usuarios, incluidas las personas con discapacidades. Este sitio web cumple con las mejores pr\u00e1cticas y est\u00e1ndares seg\u00fan lo definido por la Secci\u00f3n 508 de la Ley de Rehabilitaci\u00f3n de los Estados Unidos y las Directrices de Accesibilidad al Contenido Web (WCAG 2.0) de la Iniciativa de Accesibilidad Web del Consorcio Mundial de la Web (W3C WAI).<\/p>\n<p>Las caracter\u00edsticas de accesibilidad incluidas en el sitio son:<\/p>\n<ul>\n<li>Los enlaces de omisi\u00f3n, los puntos de referencia de ARIA y los encabezados se definen para facilitar la navegaci\u00f3n en la p\u00e1gina.<\/li>\n<li>Detalles de texto alternativos para im\u00e1genes adecuadas y otros elementos que no son de texto.<\/li>\n<li>El marcado estructural se utiliza adecuadamente para indicar encabezados, p\u00e1rrafos y listas para ayudar en la comprensi\u00f3n de p\u00e1ginas y la navegaci\u00f3n.<\/li>\n<li>Las etiquetas de formulario se asocian mediante programaci\u00f3n a los campos de formulario.<\/li>\n<li>Las celdas de datos est\u00e1n asociadas en una tabla de datos con sus encabezados.<\/li>\n<li>JavaScript y hojas de estilo para mejorar la apariencia y funcionalidad del sitio. Si estas tecnolog\u00edas no est\u00e1n disponibles, se proporciona contenido alternativo cuando sea necesario para garantizar una degradaci\u00f3n elegante.<\/li>\n<li>Se han hecho accesibles documentos integrados y multimedia.<\/li>\n<li>Se han utilizado t\u00e9cnicas de dise\u00f1o responsivo para optimizar la experiencia de los usuarios que acceden al sitio con diferentes resoluciones de pantalla y niveles de ampliaci\u00f3n.<\/li>\n<\/ul>\n<p>Valoramos sus opiniones. Si tiene comentarios, sugerencias de mejora o preguntas, puede envi\u00e1rnoslas directamente a trav\u00e9s de nuestro <a href=\"https:\/\/mckaylawtx.com\/es\/contacto\/\" target=\"_blank\" rel=\"noopener\">formulario de contacto.<\/a><\/p>\n<p>\u00faltima actualizaci\u00f3n: 5 de enero de 2021<\/p>\n\t\t\t\t\t\t\t\t<\/div>\n\t\t\t\t<\/div>\n\t\t\t\t\t<\/div>\n\t\t<\/div>\n\t\t\t\t\t<\/div>\n\t\t<\/section>\n\t\t\t\t<\/div>\n\t\t","protected":false},"excerpt":{"rendered":"<p>Accesibilidad &#8211; Cumplimiento de ADA McKay Law se esfuerza por hacer que su sitio web sea accesible para todos los usuarios, incluidas las personas con discapacidades. Este sitio web cumple con las mejores pr\u00e1cticas y est\u00e1ndares seg\u00fan lo definido por la Secci\u00f3n 508 de la Ley de Rehabilitaci\u00f3n de los Estados Unidos y las Directrices [&hellip;]<\/p>\n","protected":false},"author":3,"featured_media":37781,"parent":0,"menu_order":21,"comment_status":"closed","ping_status":"closed","template":"elementor_header_footer","meta":{"_acf_changed":false,"site-sidebar-layout":"default","site-content-layout":"","ast-site-content-layout":"default","site-content-style":"default","site-sidebar-style":"default","ast-global-header-display":"","ast-banner-title-visibility":"","ast-main-header-display":"","ast-hfb-above-header-display":"","ast-hfb-below-header-display":"","ast-hfb-mobile-header-display":"","site-post-title":"","ast-breadcrumbs-content":"","ast-featured-img":"","footer-sml-layout":"","ast-disable-related-posts":"","theme-transparent-header-meta":"","adv-header-id-meta":"","stick-header-meta":"","header-above-stick-meta":"","header-main-stick-meta":"","header-below-stick-meta":"","astra-migrate-meta-layouts":"default","ast-page-background-enabled":"default","ast-page-background-meta":{"desktop":{"background-color":"","background-image":"","background-repeat":"repeat","background-position":"center center","background-size":"auto","background-attachment":"scroll","background-type":"","background-media":"","overlay-type":"","overlay-color":"","overlay-opacity":"","overlay-gradient":""},"tablet":{"background-color":"","background-image":"","background-repeat":"repeat","background-position":"center center","background-size":"auto","background-attachment":"scroll","background-type":"","background-media":"","overlay-type":"","overlay-color":"","overlay-opacity":"","overlay-gradient":""},"mobile":{"background-color":"","background-image":"","background-repeat":"repeat","background-position":"center center","background-size":"auto","background-attachment":"scroll","background-type":"","background-media":"","overlay-type":"","overlay-color":"","overlay-opacity":"","overlay-gradient":""}},"ast-content-background-meta":{"desktop":{"background-color":"var(--ast-global-color-5)","background-image":"","background-repeat":"repeat","background-position":"center center","background-size":"auto","background-attachment":"scroll","background-type":"","background-media":"","overlay-type":"","overlay-color":"","overlay-opacity":"","overlay-gradient":""},"tablet":{"background-color":"var(--ast-global-color-5)","background-image":"","background-repeat":"repeat","background-position":"center center","background-size":"auto","background-attachment":"scroll","background-type":"","background-media":"","overlay-type":"","overlay-color":"","overlay-opacity":"","overlay-gradient":""},"mobile":{"background-color":"var(--ast-global-color-5)","background-image":"","background-repeat":"repeat","background-position":"center center","background-size":"auto","background-attachment":"scroll","background-type":"","background-media":"","overlay-type":"","overlay-color":"","overlay-opacity":"","overlay-gradient":""}},"footnotes":"","_links_to":"","_links_to_target":""},"class_list":["post-5327","page","type-page","status-publish","has-post-thumbnail","hentry"],"acf":[],"_links":{"self":[{"href":"https:\/\/mckaylawtx.com\/es\/wp-json\/wp\/v2\/pages\/5327","targetHints":{"allow":["GET"]}}],"collection":[{"href":"https:\/\/mckaylawtx.com\/es\/wp-json\/wp\/v2\/pages"}],"about":[{"href":"https:\/\/mckaylawtx.com\/es\/wp-json\/wp\/v2\/types\/page"}],"author":[{"embeddable":true,"href":"https:\/\/mckaylawtx.com\/es\/wp-json\/wp\/v2\/users\/3"}],"replies":[{"embeddable":true,"href":"https:\/\/mckaylawtx.com\/es\/wp-json\/wp\/v2\/comments?post=5327"}],"version-history":[{"count":0,"href":"https:\/\/mckaylawtx.com\/es\/wp-json\/wp\/v2\/pages\/5327\/revisions"}],"wp:featuredmedia":[{"embeddable":true,"href":"https:\/\/mckaylawtx.com\/es\/wp-json\/wp\/v2\/media\/37781"}],"wp:attachment":[{"href":"https:\/\/mckaylawtx.com\/es\/wp-json\/wp\/v2\/media?parent=5327"}],"curies":[{"name":"wp","href":"https:\/\/api.w.org\/{rel}","templated":true}]}}