{"id":36268,"date":"2024-03-17T11:33:27","date_gmt":"2024-03-17T16:33:27","guid":{"rendered":"https:\/\/mckaylawtx.com\/enlaces-utiles-a-accidentes-automovilisticos\/"},"modified":"2025-03-01T10:38:15","modified_gmt":"2025-03-01T16:38:15","slug":"enlaces-utiles-a-accidentes-automovilisticos","status":"publish","type":"page","link":"https:\/\/mckaylawtx.com\/es\/enlaces-utiles-a-accidentes-automovilisticos\/","title":{"rendered":"Enlaces \u00datiles de Accidentes Automovil\u00edsticos"},"content":{"rendered":"\t\t<div data-elementor-type=\"wp-page\" data-elementor-id=\"36268\" class=\"elementor elementor-36268 elementor-36262\" data-elementor-post-type=\"page\">\n\t\t\t\t\t\t<section class=\"elementor-section elementor-top-section elementor-element elementor-element-7f7622d elementor-section-boxed elementor-section-height-default elementor-section-height-default\" data-id=\"7f7622d\" data-element_type=\"section\" data-e-type=\"section\">\n\t\t\t\t\t\t<div class=\"elementor-container elementor-column-gap-default\">\n\t\t\t\t\t<div class=\"elementor-column elementor-col-100 elementor-top-column elementor-element elementor-element-fdfbdd0\" data-id=\"fdfbdd0\" data-element_type=\"column\" data-e-type=\"column\">\n\t\t\t<div class=\"elementor-widget-wrap elementor-element-populated\">\n\t\t\t\t\t\t<div class=\"elementor-element elementor-element-cc2232b elementor-widget elementor-widget-heading\" data-id=\"cc2232b\" data-element_type=\"widget\" data-e-type=\"widget\" data-widget_type=\"heading.default\">\n\t\t\t\t\t\t<div class=\"elementor-widget-container\">\n\t\t\t\t\t<h2 class=\"elementor-heading-title elementor-size-default\">Enlaces \u00datiles de Accidentes Automovil\u00edsticos<\/h2>\t\t\t\t<\/div>\n\t\t\t\t<\/div>\n\t\t\t\t\t<\/div>\n\t\t<\/div>\n\t\t\t\t\t<\/div>\n\t\t<\/section>\n\t\t\t\t<section class=\"elementor-section elementor-top-section elementor-element elementor-element-b752b67 elementor-section-boxed elementor-section-height-default elementor-section-height-default\" data-id=\"b752b67\" data-element_type=\"section\" data-e-type=\"section\">\n\t\t\t\t\t\t<div class=\"elementor-container elementor-column-gap-default\">\n\t\t\t\t\t<div class=\"elementor-column elementor-col-100 elementor-top-column elementor-element elementor-element-095de32\" data-id=\"095de32\" data-element_type=\"column\" data-e-type=\"column\">\n\t\t\t<div class=\"elementor-widget-wrap elementor-element-populated\">\n\t\t\t\t\t\t<div class=\"elementor-element elementor-element-bd8f181 elementor-widget elementor-widget-text-editor\" data-id=\"bd8f181\" data-element_type=\"widget\" data-e-type=\"widget\" data-widget_type=\"text-editor.default\">\n\t\t\t\t\t\t<div class=\"elementor-widget-container\">\n\t\t\t\t\t\t\t\t\t<p dir=\"ltr\" style=\"line-height: 1.2; background-color: #ffffff; margin-top: 0pt; margin-bottom: 0pt; padding: 0pt 0pt 18pt 0pt;\"><span style=\"font-size: 13.5pt; font-family: 'Open Sans',sans-serif; color: #000000; background-color: transparent; font-weight: 400; font-style: normal; font-variant: normal; text-decoration: none; vertical-align: baseline; white-space: pre-wrap;\">Abogado de Lesiones Personales, Accidente Automovil\u00edstico, Accidente de Cami\u00f3n y Muerte por Negligencia \/ Abogado que presta servicios en Texas.<\/span><\/p>\n<\/p>\n<p dir=\"ltr\" style=\"line-height: 1.2; background-color: #ffffff; margin-top: 0pt; margin-bottom: 18pt;\"><span style=\"font-size: 13.5pt; font-family: 'Open Sans',sans-serif; color: #000000; background-color: transparent; font-weight: 400; font-style: normal; font-variant: normal; text-decoration: none; vertical-align: baseline; white-space: pre-wrap;\">Averig\u00fce el valor total de la p\u00e9rdida de su autom\u00f3vil. Vea estos sitios \u00fatiles:<\/span><\/p>\n<p>\u00bfNecesitas saber cu\u00e1l es el valor total de la p\u00e9rdida de tu coche? Echa un vistazo a cualquiera de estos sitios \u00fatiles:<\/p>\n<p><strong><a href=\"https:\/\/www.nada.com\/\" target=\"new\" rel=\"noopener\">NADA<\/a><\/strong><\/p>\n<p><strong><a href=\"https:\/\/www.kbb.com\/\" target=\"new\" rel=\"noopener\">Libro Azul de Kelley<\/a><\/strong><\/p>\n<p><strong><a href=\"https:\/\/www.autosite.com\/\" target=\"new\" rel=\"noopener\">https:\/\/www.autosite.com\/<\/a><\/p>\n<p><a href=\"https:\/\/www.carwizard.com\/\" target=\"new\" rel=\"noopener\">https:\/\/www.carwizard.com\/<\/a><\/p>\n<p><a href=\"https:\/\/www.edmunds.com\/\" target=\"new\" rel=\"noopener\">https:\/\/www.edmunds.com\/<\/a><\/p>\n<p><a href=\"https:\/\/www.carfax.com\/\" target=\"new\" rel=\"noopener\">https:\/\/www.carfax.com\/<\/a><\/p>\n<p><\/strong><\/p>\n<p>Service King proporciona estimaciones gratuitas de los da\u00f1os de su veh\u00edculo. Aproveche su servicio para tranquilizarse al tratar con la compa\u00f1\u00eda de seguros. De esta manera sabr\u00e1s si la estimaci\u00f3n que da tu compa\u00f1\u00eda de seguros es precisa. Debes llevar tu veh\u00edculo a uno de sus sitios:<br \/><strong><a href=\"https:\/\/www.serviceking.com\/\" target=\"new\" rel=\"noopener\">Rey del servicio<\/a><\/strong><\/p>\n<p>Publicaci\u00f3n Legal de Texas (cubre una amplia gama de asuntos legales, incluyendo temas de lesiones):<br \/><strong><a href=\"https:\/\/www.texaslawyer.com\/?slreturn=20160430171847\" target=\"new\" rel=\"noopener\">Abogado de Texas<\/a><\/strong><\/p>\n<p>Colegio de Abogados Litigantes de Dallas (Abogados de Lesiones y otros Abogados Litigantes):<br \/><strong><a href=\"https:\/\/www.dallasbar.org\/\" target=\"new\" rel=\"noopener\">Colegio de Abogados de Dallas<\/a><\/strong><\/p>\n<p>Grupo de vigilancia (vigila los problemas de los consumidores, incluidos los problemas relacionados con las reclamaciones por lesiones, ya que generalmente la parte lesionada se enfrenta a una empresa\/compa\u00f1\u00eda de seguros):<br \/><strong><a href=\"https:\/\/www.texaswatch.org\/\" target=\"new\" rel=\"noopener\">Reloj de Texas<\/a><\/strong><\/p>\n<p>Quejas m\u00e9dicas contra m\u00e9dicos\/m\u00e9dicos (en caso de que su lesi\u00f3n haya sido causada por negligencia de un m\u00e9dico\/a, puede registrar su queja ante la Junta).  <a href=\"https:\/\/www.tmb.state.tx.us\/\" target=\"new\" rel=\"noopener\"><strong>Junta de Examinadores M\u00e9dicos del Estado de Texas<\/strong><\/a><\/p>\n<p>Regulaci\u00f3n de las enfermeras (averig\u00fce si la enfermera que trata su lesi\u00f3n tiene licencia):<br \/><strong><a href=\"https:\/\/www.bne.state.tx.us\/\" target=\"new\" rel=\"noopener\">Junta de Examinadores de Enfermer\u00eda<\/a><\/strong><\/p>\n<p>Sitio de preguntas de salud para pacientes (preguntas sobre su lesi\u00f3n o cualquier otra pregunta sobre su salud): <strong><br \/>\n  <a href=\"https:\/\/www.healthfinder.gov\/\" target=\"new\" rel=\"noopener\">Healthfinder<\/a><br \/>\n<\/strong><\/p>\n<p>Sitio de preguntas de salud para m\u00e9dicos (puede encontrar informaci\u00f3n adicional sobre su lesi\u00f3n aqu\u00ed): <strong><br \/>\n  <a href=\"https:\/\/www.mdconsult.com\/\" target=\"new\" rel=\"noopener\">MD Consult<\/a><br \/>\n<\/strong><\/p>\n<p>Sitio web de noticias legales (noticias legales, incluidas noticias sobre litigios por lesiones)<br \/><strong><a href=\"https:\/\/www.legalbroadcastnetwork.com\/\" target=\"new\" rel=\"noopener\">Red de Radiodifusi\u00f3n Legal<\/a><\/strong><\/p>\n<p>Compa\u00f1\u00edas de alquiler de coches en Dallas y otras \u00e1reas que se ocupan de las compa\u00f1\u00edas de seguros en reclamos \/ accidentes con lesiones y sin lesiones:<br \/><strong><a href=\"https:\/\/www.thrifty.com\/\" target=\"new\" rel=\"noopener\">Thrifty Alquiler de coches<\/a><\/strong><\/p>\n<p><strong><a href=\"https:\/\/www.enterprise.com\/car_rental\/home.do\" target=\"new\" rel=\"noopener\">Enterprise Rent a Car<\/a><\/strong><\/p>\n\t\t\t\t\t\t\t\t<\/div>\n\t\t\t\t<\/div>\n\t\t\t\t\t<\/div>\n\t\t<\/div>\n\t\t\t\t\t<\/div>\n\t\t<\/section>\n\t\t\t\t<\/div>\n\t\t","protected":false},"excerpt":{"rendered":"<p>Enlaces \u00datiles de Accidentes Automovil\u00edsticos Abogado de Lesiones Personales, Accidente Automovil\u00edstico, Accidente de Cami\u00f3n y Muerte por Negligencia \/ Abogado que presta servicios en Texas. Averig\u00fce el valor total de la p\u00e9rdida de su autom\u00f3vil. Vea estos sitios \u00fatiles: \u00bfNecesitas saber cu\u00e1l es el valor total de la p\u00e9rdida de tu coche? Echa un vistazo [&hellip;]<\/p>\n","protected":false},"author":7,"featured_media":37781,"parent":0,"menu_order":80,"comment_status":"closed","ping_status":"closed","template":"","meta":{"_acf_changed":false,"site-sidebar-layout":"no-sidebar","site-content-layout":"page-builder","ast-site-content-layout":"full-width-container","site-content-style":"default","site-sidebar-style":"default","ast-global-header-display":"","ast-banner-title-visibility":"","ast-main-header-display":"","ast-hfb-above-header-display":"","ast-hfb-below-header-display":"","ast-hfb-mobile-header-display":"","site-post-title":"disabled","ast-breadcrumbs-content":"","ast-featured-img":"disabled","footer-sml-layout":"","ast-disable-related-posts":"","theme-transparent-header-meta":"","adv-header-id-meta":"","stick-header-meta":"","header-above-stick-meta":"","header-main-stick-meta":"","header-below-stick-meta":"","astra-migrate-meta-layouts":"default","ast-page-background-enabled":"default","ast-page-background-meta":{"desktop":{"background-color":"","background-image":"","background-repeat":"repeat","background-position":"center center","background-size":"auto","background-attachment":"scroll","background-type":"","background-media":"","overlay-type":"","overlay-color":"","overlay-opacity":"","overlay-gradient":""},"tablet":{"background-color":"","background-image":"","background-repeat":"repeat","background-position":"center center","background-size":"auto","background-attachment":"scroll","background-type":"","background-media":"","overlay-type":"","overlay-color":"","overlay-opacity":"","overlay-gradient":""},"mobile":{"background-color":"","background-image":"","background-repeat":"repeat","background-position":"center center","background-size":"auto","background-attachment":"scroll","background-type":"","background-media":"","overlay-type":"","overlay-color":"","overlay-opacity":"","overlay-gradient":""}},"ast-content-background-meta":{"desktop":{"background-color":"var(--ast-global-color-5)","background-image":"","background-repeat":"repeat","background-position":"center center","background-size":"auto","background-attachment":"scroll","background-type":"","background-media":"","overlay-type":"","overlay-color":"","overlay-opacity":"","overlay-gradient":""},"tablet":{"background-color":"var(--ast-global-color-5)","background-image":"","background-repeat":"repeat","background-position":"center center","background-size":"auto","background-attachment":"scroll","background-type":"","background-media":"","overlay-type":"","overlay-color":"","overlay-opacity":"","overlay-gradient":""},"mobile":{"background-color":"var(--ast-global-color-5)","background-image":"","background-repeat":"repeat","background-position":"center center","background-size":"auto","background-attachment":"scroll","background-type":"","background-media":"","overlay-type":"","overlay-color":"","overlay-opacity":"","overlay-gradient":""}},"footnotes":"","_links_to":"","_links_to_target":""},"class_list":["post-36268","page","type-page","status-publish","has-post-thumbnail","hentry"],"acf":[],"_links":{"self":[{"href":"https:\/\/mckaylawtx.com\/es\/wp-json\/wp\/v2\/pages\/36268","targetHints":{"allow":["GET"]}}],"collection":[{"href":"https:\/\/mckaylawtx.com\/es\/wp-json\/wp\/v2\/pages"}],"about":[{"href":"https:\/\/mckaylawtx.com\/es\/wp-json\/wp\/v2\/types\/page"}],"author":[{"embeddable":true,"href":"https:\/\/mckaylawtx.com\/es\/wp-json\/wp\/v2\/users\/7"}],"replies":[{"embeddable":true,"href":"https:\/\/mckaylawtx.com\/es\/wp-json\/wp\/v2\/comments?post=36268"}],"version-history":[{"count":0,"href":"https:\/\/mckaylawtx.com\/es\/wp-json\/wp\/v2\/pages\/36268\/revisions"}],"wp:featuredmedia":[{"embeddable":true,"href":"https:\/\/mckaylawtx.com\/es\/wp-json\/wp\/v2\/media\/37781"}],"wp:attachment":[{"href":"https:\/\/mckaylawtx.com\/es\/wp-json\/wp\/v2\/media?parent=36268"}],"curies":[{"name":"wp","href":"https:\/\/api.w.org\/{rel}","templated":true}]}}