{"id":205805,"date":"2025-08-03T11:52:25","date_gmt":"2025-08-03T16:52:25","guid":{"rendered":"https:\/\/mckaylawtx.com\/abogado-de-lesiones-personales-cerca-de-mi\/abogado-de-lesiones-personales-houston-tx\/"},"modified":"2025-08-03T11:55:39","modified_gmt":"2025-08-03T16:55:39","slug":"abogado-de-lesiones-personales-houston-tx","status":"publish","type":"page","link":"https:\/\/mckaylawtx.com\/es\/abogado-de-lesiones-personales-cerca-de-mi\/abogado-de-lesiones-personales-houston-tx\/","title":{"rendered":"Houston, TX"},"content":{"rendered":"\t\t<div data-elementor-type=\"wp-page\" data-elementor-id=\"205805\" class=\"elementor elementor-205805 elementor-205797\" data-elementor-post-type=\"page\">\n\t\t\t\t\t\t<section class=\"elementor-section elementor-top-section elementor-element elementor-element-734e1d0 elementor-section-full_width elementor-section-height-default elementor-section-height-default\" data-id=\"734e1d0\" data-element_type=\"section\" data-e-type=\"section\" data-settings=\"{&quot;background_background&quot;:&quot;classic&quot;}\">\n\t\t\t\t\t\t<div class=\"elementor-container elementor-column-gap-default\">\n\t\t\t\t\t<div class=\"elementor-column elementor-col-100 elementor-top-column elementor-element elementor-element-6dbde4c\" data-id=\"6dbde4c\" data-element_type=\"column\" data-e-type=\"column\">\n\t\t\t<div class=\"elementor-widget-wrap elementor-element-populated\">\n\t\t\t\t\t\t<div class=\"elementor-element elementor-element-a0bef4a elementor-widget elementor-widget-text-editor\" data-id=\"a0bef4a\" data-element_type=\"widget\" data-e-type=\"widget\" data-widget_type=\"text-editor.default\">\n\t\t\t\t\t\t<div class=\"elementor-widget-container\">\n\t\t\t\t\t\t\t\t\t<p style=\"text-align: center;\"><span style=\"color: #d3b574;\">ENGLISH | <a style=\"color: #d3b574;\" href=\"https:\/\/mckaylawtx.com\/es\/contacto\/\">EVALUACI\u00d3N GRATUITA DE CASO<\/a> |<\/span> <a href=\"tel:8663808302\"><span style=\"color: #ffffff;\">1-866-380-8302<\/span><\/a><span style=\"color: #d3b574;\"> | DISPONIBLE 24\/7<\/span><\/p>\t\t\t\t\t\t\t\t<\/div>\n\t\t\t\t<\/div>\n\t\t\t\t\t<\/div>\n\t\t<\/div>\n\t\t\t\t\t<\/div>\n\t\t<\/section>\n\t\t\t\t<section class=\"elementor-section elementor-top-section elementor-element elementor-element-09728e9 elementor-section-content-middle elementor-section-boxed elementor-section-height-default elementor-section-height-default\" data-id=\"09728e9\" data-element_type=\"section\" data-e-type=\"section\" data-settings=\"{&quot;background_background&quot;:&quot;classic&quot;}\">\n\t\t\t\t\t\t<div class=\"elementor-container elementor-column-gap-default\">\n\t\t\t\t\t<div class=\"elementor-column elementor-col-50 elementor-top-column elementor-element elementor-element-664f8a5\" data-id=\"664f8a5\" data-element_type=\"column\" data-e-type=\"column\">\n\t\t\t<div class=\"elementor-widget-wrap elementor-element-populated\">\n\t\t\t\t\t\t<div class=\"elementor-element elementor-element-01a4c98 elementor-widget elementor-widget-text-editor\" data-id=\"01a4c98\" data-element_type=\"widget\" data-e-type=\"widget\" data-widget_type=\"text-editor.default\">\n\t\t\t\t\t\t<div class=\"elementor-widget-container\">\n\t\t\t\t\t\t\t\t\t<p>Ley McKay \u00abTexas Tough\u00bb<\/p>\t\t\t\t\t\t\t\t<\/div>\n\t\t\t\t<\/div>\n\t\t\t\t<div class=\"elementor-element elementor-element-5e6461d elementor-widget-laptop__width-initial uael-dual-heading-align-left elementor-widget elementor-widget-uael-dual-color-heading\" data-id=\"5e6461d\" data-element_type=\"widget\" data-e-type=\"widget\" data-widget_type=\"uael-dual-color-heading.default\">\n\t\t\t\t\t\t<div class=\"elementor-widget-container\">\n\t\t\t\t\t\t\t\t\t<div class=\"uael-module-content uael-dual-color-heading uael-heading-stack-none\">\n\t\t\t<h1>\n\t\t\t\t\t\t\t\t\t\t\t\t\t\t\t\t<span class=\"uael-before-heading\"><span class=\"elementor-inline-editing uael-dual-heading-text uael-first-text\" data-elementor-setting-key=\"before_heading_text\" data-elementor-inline-editing-toolbar=\"basic\">Houston, TX  <\/span><\/span><span class=\"uael-adv-heading-stack\"><span class=\"elementor-inline-editing uael-dual-heading-text uael-highlight-text\" data-elementor-setting-key=\"second_heading_text\" data-elementor-inline-editing-toolbar=\"basic\">Lesiones personales <\/span><\/span><span class=\"uael-after-heading\"><span class=\"elementor-inline-editing uael-dual-heading-text uael-third-text\" data-elementor-setting-key=\"after_heading_text\" data-elementor-inline-editing-toolbar=\"basic\">Abogado<\/span><\/span>\t\t\t\t\t\t\t\t\t\t\t\t\t<\/h1>\n\t\t<\/div>\n\t\t\t\t\t\t<\/div>\n\t\t\t\t<\/div>\n\t\t\t\t\t<\/div>\n\t\t<\/div>\n\t\t\t\t<div class=\"elementor-column elementor-col-50 elementor-top-column elementor-element elementor-element-96cb6a7\" data-id=\"96cb6a7\" data-element_type=\"column\" data-e-type=\"column\">\n\t\t\t<div class=\"elementor-widget-wrap elementor-element-populated\">\n\t\t\t\t\t\t<div class=\"elementor-element elementor-element-c25ea1d elementor-widget elementor-widget-text-editor\" data-id=\"c25ea1d\" data-element_type=\"widget\" data-e-type=\"widget\" data-widget_type=\"text-editor.default\">\n\t\t\t\t\t\t<div class=\"elementor-widget-container\">\n\t\t\t\t\t\t\t\t\t<p>Si ha resultado lesionado en Houston, TX, y necesita un defensor legal que realmente ponga sus necesidades en primer lugar, McKay Law est\u00e1 aqu\u00ed para ayudarlo. Con un historial comprobado en casos de lesiones personales, combinamos una profunda experiencia con un impulso implacable para asegurar la compensaci\u00f3n m\u00e1xima que se merece. Nuestro enfoque centrado en el cliente garantiza una atenci\u00f3n personalizada y una comunicaci\u00f3n clara en cada paso del camino. En McKay Law, la justicia no es solo un principio, es una promesa.   <\/p>\t\t\t\t\t\t\t\t<\/div>\n\t\t\t\t<\/div>\n\t\t\t\t\t<\/div>\n\t\t<\/div>\n\t\t\t\t\t<\/div>\n\t\t<\/section>\n\t\t\t\t<\/div>\n\t\t","protected":false},"excerpt":{"rendered":"<p>ENGLISH | EVALUACI\u00d3N GRATUITA DE CASO | 1-866-380-8302 | DISPONIBLE 24\/7 Ley McKay \u00abTexas Tough\u00bb Houston, TX Lesiones personales Abogado Si ha resultado lesionado en Houston, TX, y necesita un defensor legal que realmente ponga sus necesidades en primer lugar, McKay Law est\u00e1 aqu\u00ed para ayudarlo. Con un historial comprobado en casos de lesiones personales, [&hellip;]<\/p>\n","protected":false},"author":20,"featured_media":0,"parent":104609,"menu_order":0,"comment_status":"closed","ping_status":"closed","template":"elementor_header_footer","meta":{"_acf_changed":false,"site-sidebar-layout":"no-sidebar","site-content-layout":"page-builder","ast-site-content-layout":"full-width-container","site-content-style":"default","site-sidebar-style":"default","ast-global-header-display":"","ast-banner-title-visibility":"","ast-main-header-display":"","ast-hfb-above-header-display":"","ast-hfb-below-header-display":"","ast-hfb-mobile-header-display":"","site-post-title":"disabled","ast-breadcrumbs-content":"","ast-featured-img":"disabled","footer-sml-layout":"","ast-disable-related-posts":"","theme-transparent-header-meta":"","adv-header-id-meta":"","stick-header-meta":"","header-above-stick-meta":"","header-main-stick-meta":"","header-below-stick-meta":"","astra-migrate-meta-layouts":"default","ast-page-background-enabled":"default","ast-page-background-meta":{"desktop":{"background-color":"","background-image":"","background-repeat":"repeat","background-position":"center center","background-size":"auto","background-attachment":"scroll","background-type":"","background-media":"","overlay-type":"","overlay-color":"","overlay-opacity":"","overlay-gradient":""},"tablet":{"background-color":"","background-image":"","background-repeat":"repeat","background-position":"center center","background-size":"auto","background-attachment":"scroll","background-type":"","background-media":"","overlay-type":"","overlay-color":"","overlay-opacity":"","overlay-gradient":""},"mobile":{"background-color":"","background-image":"","background-repeat":"repeat","background-position":"center center","background-size":"auto","background-attachment":"scroll","background-type":"","background-media":"","overlay-type":"","overlay-color":"","overlay-opacity":"","overlay-gradient":""}},"ast-content-background-meta":{"desktop":{"background-color":"var(--ast-global-color-5)","background-image":"","background-repeat":"repeat","background-position":"center center","background-size":"auto","background-attachment":"scroll","background-type":"","background-media":"","overlay-type":"","overlay-color":"","overlay-opacity":"","overlay-gradient":""},"tablet":{"background-color":"var(--ast-global-color-5)","background-image":"","background-repeat":"repeat","background-position":"center center","background-size":"auto","background-attachment":"scroll","background-type":"","background-media":"","overlay-type":"","overlay-color":"","overlay-opacity":"","overlay-gradient":""},"mobile":{"background-color":"var(--ast-global-color-5)","background-image":"","background-repeat":"repeat","background-position":"center center","background-size":"auto","background-attachment":"scroll","background-type":"","background-media":"","overlay-type":"","overlay-color":"","overlay-opacity":"","overlay-gradient":""}},"footnotes":"","_links_to":"","_links_to_target":""},"class_list":["post-205805","page","type-page","status-publish","hentry"],"acf":[],"_links":{"self":[{"href":"https:\/\/mckaylawtx.com\/es\/wp-json\/wp\/v2\/pages\/205805","targetHints":{"allow":["GET"]}}],"collection":[{"href":"https:\/\/mckaylawtx.com\/es\/wp-json\/wp\/v2\/pages"}],"about":[{"href":"https:\/\/mckaylawtx.com\/es\/wp-json\/wp\/v2\/types\/page"}],"author":[{"embeddable":true,"href":"https:\/\/mckaylawtx.com\/es\/wp-json\/wp\/v2\/users\/20"}],"replies":[{"embeddable":true,"href":"https:\/\/mckaylawtx.com\/es\/wp-json\/wp\/v2\/comments?post=205805"}],"version-history":[{"count":0,"href":"https:\/\/mckaylawtx.com\/es\/wp-json\/wp\/v2\/pages\/205805\/revisions"}],"up":[{"embeddable":true,"href":"https:\/\/mckaylawtx.com\/es\/wp-json\/wp\/v2\/pages\/104609"}],"wp:attachment":[{"href":"https:\/\/mckaylawtx.com\/es\/wp-json\/wp\/v2\/media?parent=205805"}],"curies":[{"name":"wp","href":"https:\/\/api.w.org\/{rel}","templated":true}]}}